{"id":138,"date":"2022-07-22T08:37:28","date_gmt":"2022-07-22T08:37:28","guid":{"rendered":"https:\/\/www.sternekueche-macht-schule.de\/?page_id=138"},"modified":"2023-10-05T08:43:35","modified_gmt":"2023-10-05T08:43:35","slug":"ueber-uns","status":"publish","type":"page","link":"https:\/\/www.sternekueche-macht-schule.de\/startseite\/ueber-uns\/","title":{"rendered":"\u00dcber uns"},"content":{"rendered":"\t\t<div data-elementor-type=\"wp-page\" data-elementor-id=\"138\" class=\"elementor elementor-138\" data-elementor-post-type=\"page\">\n\t\t\t\t\t\t<section class=\"elementor-section elementor-top-section elementor-element elementor-element-ecf193c elementor-section-boxed elementor-section-height-default elementor-section-height-default wpr-particle-no wpr-jarallax-no wpr-parallax-no wpr-sticky-section-no wpr-equal-height-no\" data-id=\"ecf193c\" data-element_type=\"section\" data-e-type=\"section\">\n\t\t\t\t\t\t<div class=\"elementor-container elementor-column-gap-default\">\n\t\t\t\t\t<div class=\"elementor-column elementor-col-100 elementor-top-column elementor-element elementor-element-09145e3\" data-id=\"09145e3\" data-element_type=\"column\" data-e-type=\"column\">\n\t\t\t<div class=\"elementor-widget-wrap elementor-element-populated\">\n\t\t\t\t\t\t<div class=\"elementor-element elementor-element-eb8c25e elementor-widget elementor-widget-menu-anchor\" data-id=\"eb8c25e\" data-element_type=\"widget\" data-e-type=\"widget\" data-widget_type=\"menu-anchor.default\">\n\t\t\t\t<div class=\"elementor-widget-container\">\n\t\t\t\t\t\t\t<div class=\"elementor-menu-anchor\" id=\"start\"><\/div>\n\t\t\t\t\t\t<\/div>\n\t\t\t\t<\/div>\n\t\t\t\t\t<\/div>\n\t\t<\/div>\n\t\t\t\t\t<\/div>\n\t\t<\/section>\n\t\t\t\t<section class=\"elementor-section elementor-top-section elementor-element elementor-element-41a09f7b elementor-section-height-min-height elementor-section-full_width elementor-section-height-default elementor-section-items-middle wpr-particle-no wpr-jarallax-no wpr-parallax-no wpr-sticky-section-no wpr-equal-height-no\" data-id=\"41a09f7b\" data-element_type=\"section\" data-e-type=\"section\" data-settings=\"{&quot;background_background&quot;:&quot;classic&quot;,&quot;shape_divider_bottom&quot;:&quot;arrow&quot;}\">\n\t\t\t\t\t\t\t<div class=\"elementor-background-overlay\"><\/div>\n\t\t\t\t\t\t<div class=\"elementor-shape elementor-shape-bottom\" aria-hidden=\"true\" data-negative=\"false\">\n\t\t\t<svg xmlns=\"http:\/\/www.w3.org\/2000\/svg\" viewBox=\"0 0 700 10\" preserveAspectRatio=\"none\">\n\t<path class=\"elementor-shape-fill\" d=\"M350,10L340,0h20L350,10z\"\/>\n<\/svg>\t\t<\/div>\n\t\t\t\t\t<div class=\"elementor-container elementor-column-gap-no\">\n\t\t\t\t\t<div class=\"elementor-column elementor-col-100 elementor-top-column elementor-element elementor-element-454ed4b0\" data-id=\"454ed4b0\" data-element_type=\"column\" data-e-type=\"column\">\n\t\t\t<div class=\"elementor-widget-wrap elementor-element-populated\">\n\t\t\t\t\t\t<section class=\"elementor-section elementor-inner-section elementor-element elementor-element-4b1fb0ae elementor-section-boxed elementor-section-height-default elementor-section-height-default wpr-particle-no wpr-jarallax-no wpr-parallax-no wpr-sticky-section-no wpr-equal-height-no\" data-id=\"4b1fb0ae\" data-element_type=\"section\" data-e-type=\"section\">\n\t\t\t\t\t\t<div class=\"elementor-container elementor-column-gap-default\">\n\t\t\t\t\t<div class=\"elementor-column elementor-col-100 elementor-inner-column elementor-element elementor-element-699b6b5e\" data-id=\"699b6b5e\" data-element_type=\"column\" data-e-type=\"column\">\n\t\t\t<div class=\"elementor-widget-wrap elementor-element-populated\">\n\t\t\t\t\t\t<div class=\"elementor-element elementor-element-648c7473 elementor-invisible elementor-widget elementor-widget-heading\" data-id=\"648c7473\" data-element_type=\"widget\" data-e-type=\"widget\" data-settings=\"{&quot;_animation&quot;:&quot;fadeInUp&quot;}\" data-widget_type=\"heading.default\">\n\t\t\t\t<div class=\"elementor-widget-container\">\n\t\t\t\t\t<h1 class=\"elementor-heading-title elementor-size-xxl\">\u00dcber uns<\/h1>\t\t\t\t<\/div>\n\t\t\t\t<\/div>\n\t\t\t\t<div class=\"elementor-element elementor-element-a556ee6 elementor-fixed elementor-view-framed elementor-shape-square elementor-widget__width-auto elementor-widget elementor-widget-icon\" data-id=\"a556ee6\" data-element_type=\"widget\" data-e-type=\"widget\" data-settings=\"{&quot;_position&quot;:&quot;fixed&quot;,&quot;motion_fx_motion_fx_scrolling&quot;:&quot;yes&quot;,&quot;motion_fx_opacity_effect&quot;:&quot;yes&quot;,&quot;motion_fx_opacity_range&quot;:{&quot;unit&quot;:&quot;%&quot;,&quot;size&quot;:&quot;&quot;,&quot;sizes&quot;:{&quot;start&quot;:16,&quot;end&quot;:40}},&quot;motion_fx_range&quot;:&quot;viewport&quot;,&quot;motion_fx_opacity_direction&quot;:&quot;out-in&quot;,&quot;motion_fx_opacity_level&quot;:{&quot;unit&quot;:&quot;px&quot;,&quot;size&quot;:10,&quot;sizes&quot;:[]},&quot;motion_fx_devices&quot;:[&quot;desktop&quot;,&quot;tablet&quot;,&quot;mobile&quot;]}\" data-widget_type=\"icon.default\">\n\t\t\t\t<div class=\"elementor-widget-container\">\n\t\t\t\t\t\t\t<div class=\"elementor-icon-wrapper\">\n\t\t\t<a class=\"elementor-icon\" href=\"#start\">\n\t\t\t<i aria-hidden=\"true\" class=\"fas fa-arrow-up\"><\/i>\t\t\t<\/a>\n\t\t<\/div>\n\t\t\t\t\t\t<\/div>\n\t\t\t\t<\/div>\n\t\t\t\t\t<\/div>\n\t\t<\/div>\n\t\t\t\t\t<\/div>\n\t\t<\/section>\n\t\t\t\t\t<\/div>\n\t\t<\/div>\n\t\t\t\t\t<\/div>\n\t\t<\/section>\n\t\t\t\t<section class=\"elementor-section elementor-top-section elementor-element elementor-element-6b4c009f elementor-section-boxed elementor-section-height-default elementor-section-height-default wpr-particle-no wpr-jarallax-no wpr-parallax-no wpr-sticky-section-no wpr-equal-height-no\" data-id=\"6b4c009f\" data-element_type=\"section\" data-e-type=\"section\" data-settings=\"{&quot;background_background&quot;:&quot;classic&quot;}\">\n\t\t\t\t\t\t<div class=\"elementor-container elementor-column-gap-no\">\n\t\t\t\t\t<div class=\"elementor-column elementor-col-50 elementor-top-column elementor-element elementor-element-5b0f76bc\" data-id=\"5b0f76bc\" data-element_type=\"column\" data-e-type=\"column\" data-settings=\"{&quot;background_background&quot;:&quot;classic&quot;}\">\n\t\t\t<div class=\"elementor-widget-wrap elementor-element-populated\">\n\t\t\t\t\t\t<div class=\"elementor-element elementor-element-505b2f1f elementor-invisible elementor-widget elementor-widget-heading\" data-id=\"505b2f1f\" data-element_type=\"widget\" data-e-type=\"widget\" data-settings=\"{&quot;_animation&quot;:&quot;fadeInLeft&quot;}\" data-widget_type=\"heading.default\">\n\t\t\t\t<div class=\"elementor-widget-container\">\n\t\t\t\t\t<h2 class=\"elementor-heading-title elementor-size-xl\">Stefan Marquard<\/h2>\t\t\t\t<\/div>\n\t\t\t\t<\/div>\n\t\t\t\t<div class=\"elementor-element elementor-element-13d6927 elementor-widget elementor-widget-text-editor\" data-id=\"13d6927\" data-element_type=\"widget\" data-e-type=\"widget\" data-widget_type=\"text-editor.default\">\n\t\t\t\t<div class=\"elementor-widget-container\">\n\t\t\t\t\t\t\t\t\t<p>Seit u\u0308ber 35 Jahren steht der Profikoch Stefan Marquard fu\u0308r eine revolution\u00e4re und bessere Ku\u0308che. Der gelernte Koch und Metzger wurde mit einem Michelin-Stern, mit der \u201eGoldenen Schlemmerente\u201c sowie mit 18 Punkten im Gault Millau ausgezeichnet.<\/p><p>Marquard ist aber nicht nur Sternekoch, sondern auch als TV-Star, Kochbuchautor und Trainer fu\u0308r Spitzenk\u00f6che an seiner eigenen Kochakademie erfolgreich. Besonders am Herzen liegt ihm die Arbeit mit Kindern. Er setzte sich bereits an bayerischen Schulen erfolgreich fu\u0308r eine gesu\u0308ndere und trotzdem schmackhafte Schulverpflegung ein.<\/p><p>Der Vater von zwei Kindern wei\u00df, was wichtig fu\u0308r den wachsenden K\u00f6rper ist und bringt seine Erfahrung mit in das Schulprojekt.<\/p>\t\t\t\t\t\t\t\t<\/div>\n\t\t\t\t<\/div>\n\t\t\t\t<div class=\"elementor-element elementor-element-48fc8e51 elementor-hidden-mobile elementor-widget elementor-widget-image\" data-id=\"48fc8e51\" data-element_type=\"widget\" data-e-type=\"widget\" data-widget_type=\"image.default\">\n\t\t\t\t<div class=\"elementor-widget-container\">\n\t\t\t\t\t\t\t\t\t\t\t\t\t\t\t<img fetchpriority=\"high\" decoding=\"async\" width=\"817\" height=\"1090\" src=\"https:\/\/www.sternekueche-macht-schule.de\/wp-content\/uploads\/2022\/12\/Stefan_M_frei.png\" class=\"attachment-full size-full wp-image-2849\" alt=\"Stefan Marquard mit Kochbekleidung und Kopftuch. Er lacht in die Kamera.\" srcset=\"https:\/\/www.sternekueche-macht-schule.de\/wp-content\/uploads\/2022\/12\/Stefan_M_frei.png 817w, https:\/\/www.sternekueche-macht-schule.de\/wp-content\/uploads\/2022\/12\/Stefan_M_frei-225x300.png 225w, https:\/\/www.sternekueche-macht-schule.de\/wp-content\/uploads\/2022\/12\/Stefan_M_frei-768x1025.png 768w\" sizes=\"(max-width: 817px) 100vw, 817px\" \/>\t\t\t\t\t\t\t\t\t\t\t\t\t\t\t<\/div>\n\t\t\t\t<\/div>\n\t\t\t\t\t<\/div>\n\t\t<\/div>\n\t\t\t\t<div class=\"elementor-column elementor-col-50 elementor-top-column elementor-element elementor-element-2834704\" data-id=\"2834704\" data-element_type=\"column\" data-e-type=\"column\" data-settings=\"{&quot;background_background&quot;:&quot;classic&quot;}\">\n\t\t\t<div class=\"elementor-widget-wrap elementor-element-populated\">\n\t\t\t\t\t\t<div class=\"elementor-element elementor-element-5d1d4449 elementor-invisible elementor-widget elementor-widget-image\" data-id=\"5d1d4449\" data-element_type=\"widget\" data-e-type=\"widget\" data-settings=\"{&quot;_animation&quot;:&quot;fadeInUp&quot;}\" data-widget_type=\"image.default\">\n\t\t\t\t<div class=\"elementor-widget-container\">\n\t\t\t\t\t\t\t\t\t\t\t\t\t\t\t<img decoding=\"async\" width=\"619\" height=\"750\" src=\"https:\/\/www.sternekueche-macht-schule.de\/wp-content\/uploads\/2022\/09\/Marqaurd-Choip-Logo-Freigestellt.png\" class=\"attachment-full size-full wp-image-580\" alt=\"\" srcset=\"https:\/\/www.sternekueche-macht-schule.de\/wp-content\/uploads\/2022\/09\/Marqaurd-Choip-Logo-Freigestellt.png 619w, https:\/\/www.sternekueche-macht-schule.de\/wp-content\/uploads\/2022\/09\/Marqaurd-Choip-Logo-Freigestellt-248x300.png 248w\" sizes=\"(max-width: 619px) 100vw, 619px\" \/>\t\t\t\t\t\t\t\t\t\t\t\t\t\t\t<\/div>\n\t\t\t\t<\/div>\n\t\t\t\t<div class=\"elementor-element elementor-element-b0b8a7a elementor-invisible elementor-widget elementor-widget-image\" data-id=\"b0b8a7a\" data-element_type=\"widget\" data-e-type=\"widget\" data-settings=\"{&quot;_animation&quot;:&quot;fadeInUp&quot;}\" data-widget_type=\"image.default\">\n\t\t\t\t<div class=\"elementor-widget-container\">\n\t\t\t\t\t\t\t\t\t\t\t\t\t\t\t\t<a href=\"https:\/\/www.knappschaft.de\/\">\n\t\t\t\t\t\t\t<img decoding=\"async\" width=\"799\" height=\"210\" src=\"https:\/\/www.sternekueche-macht-schule.de\/wp-content\/uploads\/2022\/12\/KNAPPSCHAFFT-RGB.png\" class=\"attachment-full size-full wp-image-3153\" alt=\"\" srcset=\"https:\/\/www.sternekueche-macht-schule.de\/wp-content\/uploads\/2022\/12\/KNAPPSCHAFFT-RGB.png 799w, https:\/\/www.sternekueche-macht-schule.de\/wp-content\/uploads\/2022\/12\/KNAPPSCHAFFT-RGB-300x79.png 300w, https:\/\/www.sternekueche-macht-schule.de\/wp-content\/uploads\/2022\/12\/KNAPPSCHAFFT-RGB-768x202.png 768w\" sizes=\"(max-width: 799px) 100vw, 799px\" \/>\t\t\t\t\t\t\t\t<\/a>\n\t\t\t\t\t\t\t\t\t\t\t\t\t\t\t<\/div>\n\t\t\t\t<\/div>\n\t\t\t\t<div class=\"elementor-element elementor-element-d1573d4 elementor-widget elementor-widget-text-editor\" data-id=\"d1573d4\" data-element_type=\"widget\" data-e-type=\"widget\" data-widget_type=\"text-editor.default\">\n\t\t\t\t<div class=\"elementor-widget-container\">\n\t\t\t\t\t\t\t\t\t<p style=\"text-align: left;\">Die\u00a0<a href=\"https:\/\/www.knappschaft.de\/\" target=\"_blank\" rel=\"noopener\"><b>KNAPPSCHAFT<\/b><\/a>\u00a0z\u00e4hlt mit rund 1,4 Millionen Versicherten zu den gr\u00f6\u00dften Krankenkassen in Deutschland.<\/p><p>Sie kombiniert den Schutz der Kranken- und Pflegeversicherung mit einer ganzheitlichen Versorgung: In ihrem medizinischen Kompetenznetz arbeiten \u00c4rztinnen und \u00c4rzte, Kliniken, Pflegekr\u00e4fte, Gesundheits- und Versicherungsfachleute Hand in Hand. So erhalten Versicherte eine Vielzahl von Leistungen zur Fru\u0308herkennung und Pr\u00e4vention \u2013 die nicht selten u\u0308ber den gesetzlichen Standard hinausgehen.<\/p><p>Weitere Informationen unter<br \/><a href=\"https:\/\/www.knappschaft.de\/\" target=\"_blank\" rel=\"noopener\"><b>WWW.KNAPPSCHAFT.DE<\/b><\/a><\/p>\t\t\t\t\t\t\t\t<\/div>\n\t\t\t\t<\/div>\n\t\t\t\t\t<\/div>\n\t\t<\/div>\n\t\t\t\t\t<\/div>\n\t\t<\/section>\n\t\t\t\t<\/div>\n\t\t","protected":false},"excerpt":{"rendered":"<p>\u00dcber uns Stefan Marquard Seit u\u0308ber 35 Jahren steht der Profikoch Stefan Marquard fu\u0308r eine revolution\u00e4re und bessere Ku\u0308che. Der gelernte Koch und Metzger wurde mit einem Michelin-Stern, mit der \u201eGoldenen Schlemmerente\u201c sowie mit 18 Punkten im Gault Millau ausgezeichnet. Marquard ist aber nicht nur Sternekoch, sondern auch als TV-Star, Kochbuchautor und Trainer fu\u0308r Spitzenk\u00f6che an seiner eigenen Kochakademie erfolgreich. Besonders am Herzen liegt ihm die Arbeit mit Kindern. Er setzte sich bereits an bayerischen Schulen erfolgreich fu\u0308r eine gesu\u0308ndere und trotzdem schmackhafte Schulverpflegung ein. Der Vater von zwei Kindern wei\u00df, was wichtig fu\u0308r den wachsenden K\u00f6rper ist und bringt seine Erfahrung mit in das Schulprojekt. Die\u00a0KNAPPSCHAFT\u00a0z\u00e4hlt mit rund 1,4 Millionen Versicherten zu den gr\u00f6\u00dften Krankenkassen in Deutschland. Sie kombiniert den Schutz der Kranken- und Pflegeversicherung mit einer ganzheitlichen Versorgung: In ihrem medizinischen Kompetenznetz arbeiten \u00c4rztinnen und \u00c4rzte, Kliniken, Pflegekr\u00e4fte, Gesundheits- und Versicherungsfachleute Hand in Hand. So erhalten Versicherte eine Vielzahl von Leistungen zur Fru\u0308herkennung und Pr\u00e4vention \u2013 die nicht selten u\u0308ber den gesetzlichen Standard hinausgehen. Weitere Informationen unterWWW.KNAPPSCHAFT.DE<\/p>\n","protected":false},"author":1,"featured_media":0,"parent":0,"menu_order":0,"comment_status":"closed","ping_status":"closed","template":"elementor_header_footer","meta":{"_eb_attr":"","footnotes":""},"class_list":["post-138","page","type-page","status-publish","hentry"],"jetpack_sharing_enabled":true,"_links":{"self":[{"href":"https:\/\/www.sternekueche-macht-schule.de\/startseite\/wp-json\/wp\/v2\/pages\/138","targetHints":{"allow":["GET"]}}],"collection":[{"href":"https:\/\/www.sternekueche-macht-schule.de\/startseite\/wp-json\/wp\/v2\/pages"}],"about":[{"href":"https:\/\/www.sternekueche-macht-schule.de\/startseite\/wp-json\/wp\/v2\/types\/page"}],"author":[{"embeddable":true,"href":"https:\/\/www.sternekueche-macht-schule.de\/startseite\/wp-json\/wp\/v2\/users\/1"}],"replies":[{"embeddable":true,"href":"https:\/\/www.sternekueche-macht-schule.de\/startseite\/wp-json\/wp\/v2\/comments?post=138"}],"version-history":[{"count":58,"href":"https:\/\/www.sternekueche-macht-schule.de\/startseite\/wp-json\/wp\/v2\/pages\/138\/revisions"}],"predecessor-version":[{"id":4110,"href":"https:\/\/www.sternekueche-macht-schule.de\/startseite\/wp-json\/wp\/v2\/pages\/138\/revisions\/4110"}],"wp:attachment":[{"href":"https:\/\/www.sternekueche-macht-schule.de\/startseite\/wp-json\/wp\/v2\/media?parent=138"}],"curies":[{"name":"wp","href":"https:\/\/api.w.org\/{rel}","templated":true}]}}