{"id":469,"date":"2022-07-27T16:06:49","date_gmt":"2022-07-27T16:06:49","guid":{"rendered":"https:\/\/www.sternekueche-macht-schule.de\/?page_id=469"},"modified":"2026-02-16T19:35:34","modified_gmt":"2026-02-16T19:35:34","slug":"impressum","status":"publish","type":"page","link":"https:\/\/www.sternekueche-macht-schule.de\/startseite\/impressum\/","title":{"rendered":"Impressum"},"content":{"rendered":"\t\t<div data-elementor-type=\"wp-page\" data-elementor-id=\"469\" class=\"elementor elementor-469\" data-elementor-post-type=\"page\">\n\t\t\t\t\t\t<section class=\"elementor-section elementor-top-section elementor-element elementor-element-0084750 elementor-section-boxed elementor-section-height-default elementor-section-height-default wpr-particle-no wpr-jarallax-no wpr-parallax-no wpr-sticky-section-no wpr-column-slider-no wpr-equal-height-no\" data-id=\"0084750\" data-element_type=\"section\" data-e-type=\"section\">\n\t\t\t\t\t\t<div class=\"elementor-container elementor-column-gap-default\">\n\t\t\t\t\t<div class=\"elementor-column elementor-col-100 elementor-top-column elementor-element elementor-element-5737bd64\" data-id=\"5737bd64\" data-element_type=\"column\" data-e-type=\"column\">\n\t\t\t<div class=\"elementor-widget-wrap elementor-element-populated\">\n\t\t\t\t\t\t<div class=\"elementor-element elementor-element-7d309950 elementor-widget elementor-widget-menu-anchor\" data-id=\"7d309950\" data-element_type=\"widget\" data-e-type=\"widget\" data-widget_type=\"menu-anchor.default\">\n\t\t\t\t<div class=\"elementor-widget-container\">\n\t\t\t\t\t\t\t<div class=\"elementor-menu-anchor\" id=\"start\"><\/div>\n\t\t\t\t\t\t<\/div>\n\t\t\t\t<\/div>\n\t\t\t\t\t<\/div>\n\t\t<\/div>\n\t\t\t\t\t<\/div>\n\t\t<\/section>\n\t\t\t\t<section class=\"elementor-section elementor-top-section elementor-element elementor-element-5a347e5 elementor-section-height-min-height elementor-section-full_width elementor-section-height-default elementor-section-items-middle wpr-particle-no wpr-jarallax-no wpr-parallax-no wpr-sticky-section-no wpr-column-slider-no wpr-equal-height-no\" data-id=\"5a347e5\" data-element_type=\"section\" data-e-type=\"section\" data-settings=\"{&quot;background_background&quot;:&quot;classic&quot;,&quot;shape_divider_bottom&quot;:&quot;arrow&quot;}\">\n\t\t\t\t\t\t\t<div class=\"elementor-background-overlay\"><\/div>\n\t\t\t\t\t\t<div class=\"elementor-shape elementor-shape-bottom\" aria-hidden=\"true\" data-negative=\"false\">\n\t\t\t<svg xmlns=\"http:\/\/www.w3.org\/2000\/svg\" viewBox=\"0 0 700 10\" preserveAspectRatio=\"none\">\n\t<path class=\"elementor-shape-fill\" d=\"M350,10L340,0h20L350,10z\"\/>\n<\/svg>\t\t<\/div>\n\t\t\t\t\t<div class=\"elementor-container elementor-column-gap-no\">\n\t\t\t\t\t<div class=\"elementor-column elementor-col-100 elementor-top-column elementor-element elementor-element-52c986c8\" data-id=\"52c986c8\" data-element_type=\"column\" data-e-type=\"column\" data-settings=\"{&quot;background_background&quot;:&quot;classic&quot;}\">\n\t\t\t<div class=\"elementor-widget-wrap elementor-element-populated\">\n\t\t\t\t\t\t<section class=\"elementor-section elementor-inner-section elementor-element elementor-element-80b469e elementor-section-boxed elementor-section-height-default elementor-section-height-default wpr-particle-no wpr-jarallax-no wpr-parallax-no wpr-sticky-section-no wpr-column-slider-no wpr-equal-height-no\" data-id=\"80b469e\" data-element_type=\"section\" data-e-type=\"section\">\n\t\t\t\t\t\t<div class=\"elementor-container elementor-column-gap-default\">\n\t\t\t\t\t<div class=\"elementor-column elementor-col-100 elementor-inner-column elementor-element elementor-element-207ec2d\" data-id=\"207ec2d\" data-element_type=\"column\" data-e-type=\"column\">\n\t\t\t<div class=\"elementor-widget-wrap elementor-element-populated\">\n\t\t\t\t\t\t<div class=\"elementor-element elementor-element-f8a1c0b elementor-invisible elementor-widget elementor-widget-heading\" data-id=\"f8a1c0b\" data-element_type=\"widget\" data-e-type=\"widget\" data-settings=\"{&quot;_animation&quot;:&quot;fadeInUp&quot;}\" data-widget_type=\"heading.default\">\n\t\t\t\t<div class=\"elementor-widget-container\">\n\t\t\t\t\t<h1 class=\"elementor-heading-title elementor-size-xxl\">Impressum<\/h1>\t\t\t\t<\/div>\n\t\t\t\t<\/div>\n\t\t\t\t<div class=\"elementor-element elementor-element-ca60183 elementor-fixed elementor-view-framed elementor-shape-square elementor-widget__width-auto elementor-widget elementor-widget-icon\" data-id=\"ca60183\" data-element_type=\"widget\" data-e-type=\"widget\" data-settings=\"{&quot;_position&quot;:&quot;fixed&quot;,&quot;motion_fx_motion_fx_scrolling&quot;:&quot;yes&quot;,&quot;motion_fx_opacity_effect&quot;:&quot;yes&quot;,&quot;motion_fx_opacity_range&quot;:{&quot;unit&quot;:&quot;%&quot;,&quot;size&quot;:&quot;&quot;,&quot;sizes&quot;:{&quot;start&quot;:16,&quot;end&quot;:40}},&quot;motion_fx_range&quot;:&quot;viewport&quot;,&quot;motion_fx_opacity_direction&quot;:&quot;out-in&quot;,&quot;motion_fx_opacity_level&quot;:{&quot;unit&quot;:&quot;px&quot;,&quot;size&quot;:10,&quot;sizes&quot;:[]},&quot;motion_fx_devices&quot;:[&quot;desktop&quot;,&quot;tablet&quot;,&quot;mobile&quot;]}\" data-widget_type=\"icon.default\">\n\t\t\t\t<div class=\"elementor-widget-container\">\n\t\t\t\t\t\t\t<div class=\"elementor-icon-wrapper\">\n\t\t\t<a class=\"elementor-icon\" href=\"#start\">\n\t\t\t<i aria-hidden=\"true\" class=\"fas fa-arrow-up\"><\/i>\t\t\t<\/a>\n\t\t<\/div>\n\t\t\t\t\t\t<\/div>\n\t\t\t\t<\/div>\n\t\t\t\t\t<\/div>\n\t\t<\/div>\n\t\t\t\t\t<\/div>\n\t\t<\/section>\n\t\t\t\t\t<\/div>\n\t\t<\/div>\n\t\t\t\t\t<\/div>\n\t\t<\/section>\n\t\t\t\t<section class=\"elementor-section elementor-top-section elementor-element elementor-element-1d5ce449 elementor-section-boxed elementor-section-height-default elementor-section-height-default wpr-particle-no wpr-jarallax-no wpr-parallax-no wpr-sticky-section-no wpr-column-slider-no wpr-equal-height-no\" data-id=\"1d5ce449\" data-element_type=\"section\" data-e-type=\"section\">\n\t\t\t\t\t\t<div class=\"elementor-container elementor-column-gap-no\">\n\t\t\t\t\t<div class=\"elementor-column elementor-col-100 elementor-top-column elementor-element elementor-element-48c4ff1f\" data-id=\"48c4ff1f\" data-element_type=\"column\" data-e-type=\"column\">\n\t\t\t<div class=\"elementor-widget-wrap elementor-element-populated\">\n\t\t\t\t\t\t<section class=\"elementor-section elementor-inner-section elementor-element elementor-element-7005f48 elementor-section-boxed elementor-section-height-default elementor-section-height-default wpr-particle-no wpr-jarallax-no wpr-parallax-no wpr-sticky-section-no wpr-column-slider-no wpr-equal-height-no\" data-id=\"7005f48\" data-element_type=\"section\" data-e-type=\"section\">\n\t\t\t\t\t\t<div class=\"elementor-container elementor-column-gap-default\">\n\t\t\t\t\t<div class=\"elementor-column elementor-col-50 elementor-inner-column elementor-element elementor-element-2e516d4\" data-id=\"2e516d4\" data-element_type=\"column\" data-e-type=\"column\">\n\t\t\t<div class=\"elementor-widget-wrap elementor-element-populated\">\n\t\t\t\t\t\t<div class=\"elementor-element elementor-element-e4aa589 elementor-widget elementor-widget-text-editor\" data-id=\"e4aa589\" data-element_type=\"widget\" data-e-type=\"widget\" data-widget_type=\"text-editor.default\">\n\t\t\t\t<div class=\"elementor-widget-container\">\n\t\t\t\t\t\t\t\t\t<p><b>1. Haftungsbeschr\u00e4nkung<\/b><\/p>\n<p>Die Inhalte dieser Website werden mit gr\u00f6\u00dftm\u00f6glicher Sorgfalt erstellt. Der Anbieter \u00fcbernimmt jedoch keine Gew\u00e4hr f\u00fcr die Richtigkeit, Vollst\u00e4ndigkeit und Aktualit\u00e4t der bereitgestellten Inhalte. Die Nutzung der Inhalte der Website erfolgt auf eigene Gefahr des Nutzers. Namentlich gekennzeichnete Beitr\u00e4ge geben die Meinung des jeweiligen Autors und nicht immer die Meinung des Anbieters wieder. Mit der reinen Nutzung der Website des Anbieters kommt keinerlei Vertragsverh\u00e4ltnis zwischen dem Nutzer und dem Anbieter zustande.<\/p>\n<p><b><br><\/b><\/p>\n<p><b>2. Externe Links<\/b><\/p>\n<p>Diese Website enth\u00e4lt Verkn\u00fcpfungen zu Websites Dritter (&#8220;externe Links&#8221;). Diese Websites unterliegen der Haftung der jeweiligen Betreiber. Der Anbieter hat bei der erstmaligen Verkn\u00fcpfung der externen Links die fremden Inhalte daraufhin \u00fcberpr\u00fcft, ob etwaige Rechtsverst\u00f6\u00dfe bestehen. Zu dem Zeitpunkt waren keine Rechtsverst\u00f6\u00dfe ersichtlich. Der Anbieter hat keinerlei Einfluss auf die aktuelle und zuk\u00fcnftige Gestaltung und auf die Inhalte der verkn\u00fcpften Seiten. Das Setzen von externen Links bedeutet nicht, dass sich der Anbieter die hinter dem Verweis oder Link liegenden Inhalte zu Eigen macht. Eine st\u00e4ndige Kontrolle der externen Links ist f\u00fcr den Anbieter ohne konkrete Hinweise auf Rechtsverst\u00f6\u00dfe nicht zumutbar. Bei Kenntnis von Rechtsverst\u00f6\u00dfen werden jedoch derartige externe Links unverz\u00fcglich gel\u00f6scht.<\/p>\n<p><br><\/p>\n<p><b>3. Urheber- und Leistungsschutzrechte<\/b><\/p>\n<p>Die auf dieser Website ver\u00f6ffentlichten Inhalte unterliegen dem deutschen Urheber- und Leistungsschutzrecht. Jede vom deutschen Urheber- und Leistungsschutzrecht nicht zugelassene Verwertung bedarf der vorherigen schriftlichen Zustimmung des Anbieters oder jeweiligen Rechteinhabers. Dies gilt insbesondere f\u00fcr Vervielf\u00e4ltigung, Bearbeitung, \u00dcbersetzung, Einspeicherung, Verarbeitung bzw. Wiedergabe von Inhalten in Datenbanken oder anderen elektronischen Medien und Systemen. Inhalte und Rechte Dritter sind dabei als solche gekennzeichnet. Die unerlaubte Vervielf\u00e4ltigung oder Weitergabe einzelner Inhalte oder kompletter Seiten ist nicht gestattet und strafbar. Lediglich die Herstellung von Kopien und Downloads f\u00fcr den pers\u00f6nlichen, privaten und nicht kommerziellen Gebrauch ist erlaubt.<\/p>\n<p>Die Darstellung dieser Website in fremden Frames ist nur mit schriftlicher Erlaubnis zul\u00e4ssig.<\/p>\n<p><br><\/p>\n<p><b>Allgemeine Informationspflicht<\/b><\/p>\n<p>Die Deutsche Rentenversicherung Knappschaft-Bahn-See ist eine rechtsf\u00e4hige K\u00f6rperschaft des \u00f6ffentlichen Rechts mit Selbstverwaltung und besitzt Dienstherrnf\u00e4higkeit (\u00a7 29 SGB IV in Verbindung mit \u00a7 143 Abs. 1 SGB VI).<\/p>\n<p>Dieses Impressum gilt f\u00fcr den gesamten Internet-Auftritt der Deutschen Rentenversicherung Knappschaft-Bahn-See sowie f\u00fcr die folgenden Social-Media-Profile:<\/p>\n<p><b>Facebook:&nbsp;<\/b><\/p>\n<p><a href=\"https:\/\/www.facebook.com\/KNAPPSCHAFT\" target=\"_blank\">www.facebook.com\/KNAPPSCHAFT<\/a>&nbsp;und&nbsp;<a href=\"http:\/\/www.facebook.com\/kbs.karriere.kickoff\" target=\"_blank\" style=\"background-color: rgb(255, 255, 255);\">www.facebook.com\/kbs.karriere.kickoff<\/a><\/p>\n<p><b>In<\/b><b style=\"\">stagram:<\/b><\/p>\n<p><a href=\"https:\/\/www.instagram.com\/die_knappschaft\/\" target=\"_blank\">www.instagram.com\/die_knappschaft<\/a><br><\/p>\n<p><b>Youtube:<\/b>&nbsp;<\/p>\n<p><a href=\"https:\/\/www.youtube.com\/@KnappschaftKBS\" target=\"_blank\">www.youtube.com\/@KnappschaftKBS<\/a><br><\/p>\n<p><br><\/p>\n<p><b>Herausgeber:<\/b><\/p>\n<p>Deutsche Rentenversicherung Knappschaft-Bahn-See<\/p>\n<p>Pieperstra\u00dfe 14-28<\/p>\n<p>44789 Bochum<\/p>\n<p>Postanschrift:<\/p>\n<p>Deutsche Rentenversicherung Knappschaft-Bahn-See<\/p>\n<p>44781 Bochum<\/p>\n<p>Tel. 0234 304 &#8211; 0<\/p>\n<p>Fax 0234 304 &#8211; 66050<\/p>\n<p>E-Mail&nbsp;<a href=\"mailto:zentrale@kbs.de\" target=\"_blank\" style=\"background-color: rgb(255, 255, 255);\">zentrale@kbs.de<\/a><\/p>\n<p>I<a href=\"https:\/\/www.knappschaft.de\/SiteGlobals\/Modules\/Footer\/DE\/Allgemein\/DieKnappschaft\/Kontakt\/kontakt_hidden_node.html\" target=\"_blank\" style=\"background-color: rgb(255, 255, 255);\">hr direkter Kontakt zur KNAPPSCHAFT<\/a><\/p>\n<p><br><\/p>\n<p><b>Zust\u00e4ndige Aufsichtsbeh\u00f6rde:<\/b><\/p>\n<p>Bundesamt f\u00fcr Soziale Sicherung<\/p>\n<p>Friedrich-Ebert-Allee 38<\/p>\n<p>53113 Bonn<\/p>\n<p><br><\/p>\n<p>Das Internetangebot wird herausgegeben von der Deutschen Rentenversicherung Knappschaft-Bahn-See, vertreten durch die Gesch\u00e4ftsf\u00fchrung.<\/p>\n<p>Das Internetangebot der Deutschen Rentenversicherung Knappschaft-Bahn-See enth\u00e4lt Links zu externen Websites Dritter. Auf deren Inhalte haben wir keinen Einfluss, so dass f\u00fcr diese fremden Inhalte auch keine Gew\u00e4hr \u00fcbernommen werden kann. F\u00fcr die Inhalte der verlinkten Seiten ist somit stets der jeweilige Anbieter oder Betreiber der Seiten verantwortlich. Die verlinkten Seiten wurden zum Zeitpunkt der Verlinkung auf m\u00f6gliche Rechtsverst\u00f6\u00dfe \u00fcberpr\u00fcft. Rechtswidrige Inhalte waren zum Zeitpunkt der Verlinkung nicht erkennbar.<\/p>\n<p>Eine permanente inhaltliche Kontrolle der verlinkten Seiten ist jedoch ohne konkrete Anhaltspunkte einer Rechtsverletzung nicht zumutbar. Sollten Rechtsverletzungen bekannt werden, werden wir derartige Links umgehend entfernen.<\/p>\n<p>Die Deutsche Rentenversicherung Knappschaft-Bahn-See ist sich der Bedeutung der Sprache in Bezug auf Gleichberechtigung der Geschlechter bewusst und ist stets bem\u00fcht, dies zu ber\u00fccksichtigen. Aus Gr\u00fcnden der besseren Lesbarkeit verzichten wir auf die durchg\u00e4ngige Umsetzung differenzierender Formulierungen. S\u00e4mtliche Personenbezeichnungen gelten gleichwohl f\u00fcr alle Geschlechter einschlie\u00dflich der nicht festgelegten.<\/p>\n<div><br><\/div>\t\t\t\t\t\t\t\t<\/div>\n\t\t\t\t<\/div>\n\t\t\t\t\t<\/div>\n\t\t<\/div>\n\t\t\t\t<div class=\"elementor-column elementor-col-50 elementor-inner-column elementor-element elementor-element-c4ea113\" data-id=\"c4ea113\" data-element_type=\"column\" data-e-type=\"column\">\n\t\t\t<div class=\"elementor-widget-wrap elementor-element-populated\">\n\t\t\t\t\t\t<div class=\"elementor-element elementor-element-88c479a elementor-widget elementor-widget-image\" data-id=\"88c479a\" data-element_type=\"widget\" data-e-type=\"widget\" data-widget_type=\"image.default\">\n\t\t\t\t<div class=\"elementor-widget-container\">\n\t\t\t\t\t\t\t\t\t\t\t\t\t\t\t<img fetchpriority=\"high\" decoding=\"async\" width=\"799\" height=\"210\" src=\"https:\/\/www.sternekueche-macht-schule.de\/wp-content\/uploads\/2022\/12\/KNAPPSCHAFFT-RGB.png\" class=\"attachment-large size-large wp-image-3153\" alt=\"\" srcset=\"https:\/\/www.sternekueche-macht-schule.de\/wp-content\/uploads\/2022\/12\/KNAPPSCHAFFT-RGB.png 799w, https:\/\/www.sternekueche-macht-schule.de\/wp-content\/uploads\/2022\/12\/KNAPPSCHAFFT-RGB-300x79.png 300w, https:\/\/www.sternekueche-macht-schule.de\/wp-content\/uploads\/2022\/12\/KNAPPSCHAFFT-RGB-768x202.png 768w\" sizes=\"(max-width: 799px) 100vw, 799px\" \/>\t\t\t\t\t\t\t\t\t\t\t\t\t\t\t<\/div>\n\t\t\t\t<\/div>\n\t\t\t\t<div class=\"elementor-element elementor-element-64082f1 elementor-widget elementor-widget-text-editor\" data-id=\"64082f1\" data-element_type=\"widget\" data-e-type=\"widget\" data-widget_type=\"text-editor.default\">\n\t\t\t\t<div class=\"elementor-widget-container\">\n\t\t\t\t\t\t\t\t\t<p><strong>KNAPPSCHAFT<\/strong><br>Pressekontakt<br>Sandra Antoni<\/p>\n<p>Pieperstra\u00dfe 14 \u2013 28<br>44789 Bochum<\/p>\n<p>Tel 0234 304-85220<br>Fax 0234 97838 16765<br><a style=\"color: black;\" href=\"mailto:presse@kbs.de\"><b><u>presse@kbs.de<\/u><\/b><br><\/a><a style=\"color: black;\" href=\"http:\/\/www.knappschaft.de\" target=\"_blank\" rel=\"noopener\"><b><u>www.knappschaft.de<\/u><\/b><\/a><\/p>\n<p><b>Angaben gem\u00e4\u00df \u00a7 5 TMG:<\/b><\/p>\n<p>Allrights GmbH<br>Werner-Haas-Strasse 11<br>D-86153 Augsburg<\/p>\n<p><b>Handelsregister:<br><\/b>HRB 23466 Augsburg\/Germany<\/p>\n<p>Registergericht: Amtsgericht Augsburg<\/p>\n<p><b>Vertreten durch:<br><\/b>Stefan Lembert &#8211; Gesch\u00e4ftsfu\u0308hrung<br>Philip Velican &#8211; Redaktion, Eventmanagement<\/p>\n<p><b>Kontakt:<br><\/b>Tel. 0821 32878 444<br>Email:&nbsp;<a style=\"background-color: #ffffff; color: black;\" href=\"mailto:info@allrights.de\" target=\"_blank\" rel=\"noopener\"><b>info@allrights.de<\/b><\/a><\/p>\n<p><b>Umsatzsteuer-ID gem\u00e4\u00df <\/b><br><b>\u00a727a Umsatzsteuergesetz:<br><\/b>DE269095811<span style=\"font-weight: bold;\"><br><\/span><\/p>\n<p><b>Redaktionell verantwortlich:<br><\/b>Allrights GmbH<br>Werner-Haas-Strasse 11<br>D-86153 Augsburg<\/p>\n<p><b>EU-Streitschlichtung<br><\/b>Die Europ\u00e4ische Kommission stellt<br>eine Plattform zur<br>Online-Streitbeilegung (OS) bereit:<br><a href=\"https:\/\/ec.europa.eu\/consumers\/odr\/\" target=\"_blank\" rel=\"noopener\"><u>https:\/\/ec.europa.eu\/consumers\/odr\/<\/u><\/a>.<br>Unsere E-Mail-Adresse finden Sie oben im Impressum.<\/p>\n<p><b>Verbraucherstreitbeilegung\/<\/b><br><b>Universalschlichtungsstelle<br><\/b>Wir sind nicht bereit oder verpflichtet, an Streitbeilegungsverfahren vor einer Verbraucherschlichtungsstelle teilzunehmen.<\/p>\t\t\t\t\t\t\t\t<\/div>\n\t\t\t\t<\/div>\n\t\t\t\t\t<\/div>\n\t\t<\/div>\n\t\t\t\t\t<\/div>\n\t\t<\/section>\n\t\t\t\t\t<\/div>\n\t\t<\/div>\n\t\t\t\t\t<\/div>\n\t\t<\/section>\n\t\t\t\t<\/div>\n\t\t","protected":false},"excerpt":{"rendered":"<p>Impressum 1. Haftungsbeschr\u00e4nkung Die Inhalte dieser Website werden mit gr\u00f6\u00dftm\u00f6glicher Sorgfalt erstellt. Der Anbieter \u00fcbernimmt jedoch keine Gew\u00e4hr f\u00fcr die Richtigkeit, Vollst\u00e4ndigkeit und Aktualit\u00e4t der bereitgestellten Inhalte. Die Nutzung der Inhalte der Website erfolgt auf eigene Gefahr des Nutzers. Namentlich gekennzeichnete Beitr\u00e4ge geben die Meinung des jeweiligen Autors und nicht immer die Meinung des Anbieters wieder. Mit der reinen Nutzung der Website des Anbieters kommt keinerlei Vertragsverh\u00e4ltnis zwischen dem Nutzer und dem Anbieter zustande. 2. Externe Links Diese Website enth\u00e4lt Verkn\u00fcpfungen zu Websites Dritter (&#8220;externe Links&#8221;). Diese Websites unterliegen der Haftung der jeweiligen Betreiber. Der Anbieter hat bei der erstmaligen Verkn\u00fcpfung der externen Links die fremden Inhalte daraufhin \u00fcberpr\u00fcft, ob etwaige Rechtsverst\u00f6\u00dfe bestehen. Zu dem Zeitpunkt waren keine Rechtsverst\u00f6\u00dfe ersichtlich. Der Anbieter hat keinerlei Einfluss auf die aktuelle und zuk\u00fcnftige Gestaltung und auf die Inhalte der verkn\u00fcpften Seiten. Das Setzen von externen Links bedeutet nicht, dass sich der Anbieter die hinter dem Verweis oder Link liegenden Inhalte zu Eigen macht. Eine st\u00e4ndige Kontrolle der externen Links ist f\u00fcr den Anbieter ohne konkrete Hinweise auf Rechtsverst\u00f6\u00dfe nicht zumutbar. Bei Kenntnis von Rechtsverst\u00f6\u00dfen werden jedoch derartige externe Links unverz\u00fcglich gel\u00f6scht. 3. Urheber- und Leistungsschutzrechte Die auf dieser Website ver\u00f6ffentlichten Inhalte unterliegen dem deutschen Urheber- und Leistungsschutzrecht. Jede vom deutschen Urheber- und Leistungsschutzrecht nicht zugelassene Verwertung bedarf der vorherigen schriftlichen Zustimmung des Anbieters oder jeweiligen Rechteinhabers. Dies gilt insbesondere f\u00fcr Vervielf\u00e4ltigung, Bearbeitung, \u00dcbersetzung, Einspeicherung, Verarbeitung bzw. Wiedergabe von Inhalten in Datenbanken oder anderen elektronischen Medien und Systemen. Inhalte und Rechte Dritter sind dabei als solche gekennzeichnet. Die unerlaubte Vervielf\u00e4ltigung oder Weitergabe einzelner Inhalte oder kompletter Seiten ist nicht gestattet und strafbar. Lediglich die Herstellung von Kopien und Downloads f\u00fcr den pers\u00f6nlichen, privaten und nicht kommerziellen Gebrauch ist erlaubt. Die Darstellung dieser Website in fremden Frames ist nur mit schriftlicher Erlaubnis zul\u00e4ssig. Allgemeine Informationspflicht Die Deutsche Rentenversicherung Knappschaft-Bahn-See ist eine rechtsf\u00e4hige K\u00f6rperschaft des \u00f6ffentlichen Rechts mit Selbstverwaltung und besitzt Dienstherrnf\u00e4higkeit (\u00a7 29 SGB IV in Verbindung mit \u00a7 143 Abs. 1 SGB VI). Dieses Impressum gilt f\u00fcr den gesamten Internet-Auftritt der Deutschen Rentenversicherung Knappschaft-Bahn-See sowie f\u00fcr die folgenden Social-Media-Profile: Facebook:&nbsp; www.facebook.com\/KNAPPSCHAFT&nbsp;und&nbsp;www.facebook.com\/kbs.karriere.kickoff Instagram: www.instagram.com\/die_knappschaft Youtube:&nbsp; www.youtube.com\/@KnappschaftKBS Herausgeber: Deutsche Rentenversicherung Knappschaft-Bahn-See Pieperstra\u00dfe 14-28 44789 Bochum Postanschrift: Deutsche Rentenversicherung Knappschaft-Bahn-See 44781 Bochum Tel. 0234 304 &#8211; 0 Fax 0234 304 &#8211; 66050 E-Mail&nbsp;zentrale@kbs.de Ihr direkter Kontakt zur KNAPPSCHAFT Zust\u00e4ndige Aufsichtsbeh\u00f6rde: Bundesamt f\u00fcr Soziale Sicherung Friedrich-Ebert-Allee 38 53113 Bonn Das Internetangebot wird herausgegeben von der Deutschen Rentenversicherung Knappschaft-Bahn-See, vertreten durch die Gesch\u00e4ftsf\u00fchrung. Das Internetangebot der Deutschen Rentenversicherung Knappschaft-Bahn-See enth\u00e4lt Links zu externen Websites Dritter. Auf deren Inhalte haben wir keinen Einfluss, so dass f\u00fcr diese fremden Inhalte auch keine Gew\u00e4hr \u00fcbernommen werden kann. F\u00fcr die Inhalte der verlinkten Seiten ist somit stets der jeweilige Anbieter oder Betreiber der Seiten verantwortlich. Die verlinkten Seiten wurden zum Zeitpunkt der Verlinkung auf m\u00f6gliche Rechtsverst\u00f6\u00dfe \u00fcberpr\u00fcft. Rechtswidrige Inhalte waren zum Zeitpunkt der Verlinkung nicht erkennbar. Eine permanente inhaltliche Kontrolle der verlinkten Seiten ist jedoch ohne konkrete Anhaltspunkte einer Rechtsverletzung nicht zumutbar. Sollten Rechtsverletzungen bekannt werden, werden wir derartige Links umgehend entfernen. Die Deutsche Rentenversicherung Knappschaft-Bahn-See ist sich der Bedeutung der Sprache in Bezug auf Gleichberechtigung der Geschlechter bewusst und ist stets bem\u00fcht, dies zu ber\u00fccksichtigen. Aus Gr\u00fcnden der besseren Lesbarkeit verzichten wir auf die durchg\u00e4ngige Umsetzung differenzierender Formulierungen. S\u00e4mtliche Personenbezeichnungen gelten gleichwohl f\u00fcr alle Geschlechter einschlie\u00dflich der nicht festgelegten. KNAPPSCHAFTPressekontaktSandra Antoni Pieperstra\u00dfe 14 \u2013 2844789 Bochum Tel 0234 304-85220Fax 0234 97838 16765presse@kbs.dewww.knappschaft.de Angaben gem\u00e4\u00df \u00a7 5 TMG: Allrights GmbHWerner-Haas-Strasse 11D-86153 Augsburg Handelsregister:HRB 23466 Augsburg\/Germany Registergericht: Amtsgericht Augsburg Vertreten durch:Stefan Lembert &#8211; Gesch\u00e4ftsfu\u0308hrungPhilip Velican &#8211; Redaktion, Eventmanagement Kontakt:Tel. 0821 32878 444Email:&nbsp;info@allrights.de Umsatzsteuer-ID gem\u00e4\u00df \u00a727a Umsatzsteuergesetz:DE269095811 Redaktionell verantwortlich:Allrights GmbHWerner-Haas-Strasse 11D-86153 Augsburg EU-StreitschlichtungDie Europ\u00e4ische Kommission stellteine Plattform zurOnline-Streitbeilegung (OS) bereit:https:\/\/ec.europa.eu\/consumers\/odr\/.Unsere E-Mail-Adresse finden Sie oben im Impressum. Verbraucherstreitbeilegung\/UniversalschlichtungsstelleWir sind nicht bereit oder verpflichtet, an Streitbeilegungsverfahren vor einer Verbraucherschlichtungsstelle teilzunehmen.<\/p>\n","protected":false},"author":1,"featured_media":0,"parent":0,"menu_order":0,"comment_status":"closed","ping_status":"closed","template":"elementor_header_footer","meta":{"_eb_attr":"","footnotes":""},"class_list":["post-469","page","type-page","status-publish","hentry"],"jetpack_sharing_enabled":true,"_links":{"self":[{"href":"https:\/\/www.sternekueche-macht-schule.de\/startseite\/wp-json\/wp\/v2\/pages\/469","targetHints":{"allow":["GET"]}}],"collection":[{"href":"https:\/\/www.sternekueche-macht-schule.de\/startseite\/wp-json\/wp\/v2\/pages"}],"about":[{"href":"https:\/\/www.sternekueche-macht-schule.de\/startseite\/wp-json\/wp\/v2\/types\/page"}],"author":[{"embeddable":true,"href":"https:\/\/www.sternekueche-macht-schule.de\/startseite\/wp-json\/wp\/v2\/users\/1"}],"replies":[{"embeddable":true,"href":"https:\/\/www.sternekueche-macht-schule.de\/startseite\/wp-json\/wp\/v2\/comments?post=469"}],"version-history":[{"count":37,"href":"https:\/\/www.sternekueche-macht-schule.de\/startseite\/wp-json\/wp\/v2\/pages\/469\/revisions"}],"predecessor-version":[{"id":4807,"href":"https:\/\/www.sternekueche-macht-schule.de\/startseite\/wp-json\/wp\/v2\/pages\/469\/revisions\/4807"}],"wp:attachment":[{"href":"https:\/\/www.sternekueche-macht-schule.de\/startseite\/wp-json\/wp\/v2\/media?parent=469"}],"curies":[{"name":"wp","href":"https:\/\/api.w.org\/{rel}","templated":true}]}}